{"id":2,"date":"2025-12-12T20:46:40","date_gmt":"2025-12-12T13:46:40","guid":{"rendered":"https:\/\/www.demo.vietnamweb.asia\/?page_id=2"},"modified":"2025-12-12T20:46:50","modified_gmt":"2025-12-12T13:46:50","slug":"trang-chu","status":"publish","type":"page","link":"https:\/\/2tg88.net\/","title":{"rendered":"2tg88 com &#8211; M\u1eebng Gi\u00e1ng Sinh \u0110\u00f3n N\u0103m M\u1edbi Th\u01b0\u1edfng T\u1ed1i \u0110a 28.888k"},"content":{"rendered":"<h2><span style=\"font-size: 110%; color: #f99b1c;\"><strong>TRANG CH\u1ee6 \u0110\u0102NG NH\u1eacP NH\u00c0 C\u00c1I TG88<\/strong><\/span><\/h2>\n<p>Link trang t\u1ed5ng v\u00e0o 2tg88 com ch\u00ednh th\u1ee9c c\u1eadp nh\u1eadt ng\u00e0y h\u00f4m nay m\u1edbi nh\u1ea5t:<\/p>\n<div class=\"row row-small\"  id=\"row-1890408509\">\n\n\t<div id=\"col-1911769024\" class=\"col medium-4 small-12 large-4\"  >\n\t\t\t\t<div class=\"col-inner\"  >\n\t\t\t\n\t\t\t\n\t<div class=\"img has-hover x md-x lg-x y md-y lg-y\" id=\"image_539920373\">\n\t\t<a class=\"\" href=\"https:\/\/te8qc2.pro\/24z7\" >\t\t\t\t\t\t<div class=\"img-inner dark\" >\n\t\t\t<img loading=\"lazy\" decoding=\"async\" width=\"400\" height=\"188\" src=\"https:\/\/2tg88.net\/wp-content\/uploads\/2025\/03\/dang-ky.webp\" class=\"attachment-original size-original\" alt=\"\u0110\u0103ng k\u00fd nh\u00e0 c\u00e1i\" srcset=\"https:\/\/2tg88.net\/wp-content\/uploads\/2025\/03\/dang-ky.webp 400w, https:\/\/2tg88.net\/wp-content\/uploads\/2025\/03\/dang-ky-300x141.webp 300w\" sizes=\"auto, (max-width: 400px) 100vw, 400px\" \/>\t\t\t\t\t\t\n\t\t\t\t\t<\/div>\n\t\t\t\t\t\t<\/a>\t\t\n<style>\n#image_539920373 {\n  width: 100%;\n}\n<\/style>\n\t<\/div>\n\t\n\t\t<\/div>\n\t\t\t\t\t<\/div>\n\n\t\n\n\t<div id=\"col-1384865284\" class=\"col medium-4 small-12 large-4\"  >\n\t\t\t\t<div class=\"col-inner\"  >\n\t\t\t\n\t\t\t\n\t<div class=\"img has-hover x md-x lg-x y md-y lg-y\" id=\"image_2022362340\">\n\t\t<a class=\"\" href=\"https:\/\/te8qc2.pro\/24z7\" >\t\t\t\t\t\t<div class=\"img-inner dark\" >\n\t\t\t<img loading=\"lazy\" decoding=\"async\" width=\"400\" height=\"188\" src=\"https:\/\/2tg88.net\/wp-content\/uploads\/2025\/03\/dang-nhap.webp\" class=\"attachment-original size-original\" alt=\"\u0110\u0103ng nh\u1eadp t\u1ea3i app\" srcset=\"https:\/\/2tg88.net\/wp-content\/uploads\/2025\/03\/dang-nhap.webp 400w, https:\/\/2tg88.net\/wp-content\/uploads\/2025\/03\/dang-nhap-300x141.webp 300w\" sizes=\"auto, (max-width: 400px) 100vw, 400px\" \/>\t\t\t\t\t\t\n\t\t\t\t\t<\/div>\n\t\t\t\t\t\t<\/a>\t\t\n<style>\n#image_2022362340 {\n  width: 100%;\n}\n<\/style>\n\t<\/div>\n\t\n\t\t<\/div>\n\t\t\t\t\t<\/div>\n\n\t\n\n\t<div id=\"col-613967487\" class=\"col medium-4 small-12 large-4\"  >\n\t\t\t\t<div class=\"col-inner\"  >\n\t\t\t\n\t\t\t\n\t<div class=\"img has-hover x md-x lg-x y md-y lg-y\" id=\"image_353426578\">\n\t\t<a class=\"\" href=\"https:\/\/te8qc2.pro\/24z7\" >\t\t\t\t\t\t<div class=\"img-inner dark\" >\n\t\t\t<img loading=\"lazy\" decoding=\"async\" width=\"400\" height=\"188\" src=\"https:\/\/2tg88.net\/wp-content\/uploads\/2025\/03\/khuyen-mai.webp\" class=\"attachment-original size-original\" alt=\"Khuy\u1ebfn m\u00e3i th\u00e0nh vi\u00ean\" srcset=\"https:\/\/2tg88.net\/wp-content\/uploads\/2025\/03\/khuyen-mai.webp 400w, https:\/\/2tg88.net\/wp-content\/uploads\/2025\/03\/khuyen-mai-300x141.webp 300w\" sizes=\"auto, (max-width: 400px) 100vw, 400px\" \/>\t\t\t\t\t\t\n\t\t\t\t\t<\/div>\n\t\t\t\t\t\t<\/a>\t\t\n<style>\n#image_353426578 {\n  width: 100%;\n}\n<\/style>\n\t<\/div>\n\t\n\t\t<\/div>\n\t\t\t\t\t<\/div>\n\n\t\n<\/div>\n\t<div id=\"gap-546244167\" class=\"gap-element clearfix\" style=\"display:block; height:auto;\">\n\t\t\n<style>\n#gap-546244167 {\n  padding-top: 16px;\n}\n<\/style>\n\t<\/div>\n\t\n\t<div id=\"gap-555998406\" class=\"gap-element clearfix\" style=\"display:block; height:auto;\">\n\t\t\n<style>\n#gap-555998406 {\n  padding-top: 15px;\n}\n<\/style>\n\t<\/div>\n\t\n<p><em><strong>Disclaimer (Tuy\u00ean b\u1ed1 mi\u1ec5n tr\u1eeb):<\/strong><\/em> Website 2tg88.net \u0111\u00f3ng vai tr\u00f2 nh\u01b0 ngu\u1ed3n t\u1ed5ng h\u1ee3p d\u1eef li\u1ec7u cho ng\u01b0\u1eddi tr\u01b0\u1edfng th\u00e0nh \u1edf ngo\u00e0i Vi\u1ec7t Nam v\u00e0 kh\u00f4ng th\u1ef1c hi\u1ec7n qu\u1ea3n l\u00fd hay \u0111\u1ecbnh h\u01b0\u1edbng ho\u1ea1t \u0111\u1ed9ng c\u00e1 c\u01b0\u1ee3c. M\u1ecdi h\u00e0nh vi t\u1eeb ph\u00eda ng\u01b0\u1eddi d\u00f9ng ho\u00e0n to\u00e0n thu\u1ed9c tr\u00e1ch nhi\u1ec7m c\u00e1 nh\u00e2n. Trang 2tg88 app kh\u00f4ng ch\u1ecbu tr\u00e1ch nhi\u1ec7m cho b\u1ea5t k\u1ef3 thi\u1ec7t h\u1ea1i hay sai l\u1ec7ch n\u00e0o ph\u00e1t sinh t\u1eeb vi\u1ec7c khai th\u00e1c th\u00f4ng tin.<\/p>\n<h2 class=\"tieu-de uppercase\"><span style=\"color: #3366ff;\"><strong>FAQ &#8211; Tr\u1ea3 l\u1eddi nh\u1eefng th\u1eafc m\u1eafc khi ch\u01a1i TG88<\/strong><\/span><\/h2>\n<div class=\"accordion\">\n\t<div id=\"accordion-2572077563\" class=\"accordion-item\">\n\t\t<a id=\"accordion-2572077563-label\" class=\"accordion-title plain\" href=\"#accordion-item-trang-t\u1ed5ng-truy-c\u1eadp-2-tg88.casino-l\u00e0-g\u00ec?\" aria-expanded=\"false\" aria-controls=\"accordion-2572077563-content\" >\n\t\t\t<button class=\"toggle\" aria-label=\"Chuy\u1ec3n \u0111\u1ed5i\"><i class=\"icon-angle-down\"><\/i><\/button>\n\t\t\t<span>Trang t\u1ed5ng truy c\u1eadp 2 tg88.casino l\u00e0 g\u00ec?<\/span>\n\t\t<\/a>\n\t\t<div id=\"accordion-2572077563-content\" class=\"accordion-inner\" aria-labelledby=\"accordion-2572077563-label\" >\n\t\t\t\n<p><span style=\"color: #3366ff;\">C\u00e1c trang truy c\u1eadp ch\u00ednh th\u1ee9c:<\/span><\/p>\n<ul>\n<li><span style=\"color: #3366ff;\">2 tg88.com<\/span><\/li>\n<li><span style=\"color: #3366ff;\">2tg88 .casino<\/span><\/li>\n<li><span style=\"color: #3366ff;\">2tg88 . game<\/span><\/li>\n<li><span style=\"color: #3366ff;\">2 TG88.app<\/span><\/li>\n<li><span style=\"color: #3366ff;\">2tg88.bet<\/span><\/li>\n<\/ul>\n<p>#trangchutg88 #dangnhaptg88 #dangkytg88 #taiapptg88 #apptg88 #tg88bet #tg88casino<\/p>\n<p>#trangchu2tg88 #dangnhap2tg88 #dangky2tg88 #taiapp2tg88 #app2tg88 #2tg88bet #2tg88casino<\/p>\n\t\t<\/div>\n\t<\/div>\n\t\n\t<div id=\"accordion-2834197852\" class=\"accordion-item\">\n\t\t<a id=\"accordion-2834197852-label\" class=\"accordion-title plain\" href=\"#accordion-item-r\u00fat-ti\u1ec1n-tr\u00ean-2tg88.-com-c\u00f3-an-to\u00e0n-kh\u00f4ng?\" aria-expanded=\"false\" aria-controls=\"accordion-2834197852-content\" >\n\t\t\t<button class=\"toggle\" aria-label=\"Chuy\u1ec3n \u0111\u1ed5i\"><i class=\"icon-angle-down\"><\/i><\/button>\n\t\t\t<span>R\u00fat ti\u1ec1n tr\u00ean 2tg88. com c\u00f3 an to\u00e0n kh\u00f4ng?<\/span>\n\t\t<\/a>\n\t\t<div id=\"accordion-2834197852-content\" class=\"accordion-inner\" aria-labelledby=\"accordion-2834197852-label\" >\n\t\t\t\n<p><span style=\"color: #3366ff;\">R\u00fat ti\u1ec1n tr\u00ean Tg88 v\u00f4 c\u00f9ng an to\u00e0n b\u1edfi d\u1eef li\u1ec7u giao d\u1ecbch \u0111\u01b0\u1ee3c m\u00e3 h\u00f3a ch\u1ed1ng hack. M\u1eadt kh\u1ea9u giao \u0111\u1ecbch l\u00e0 c\u1ee7a ng\u01b0\u1eddi ch\u01a1i t\u1ef1 thi\u1ebft l\u1eadp m\u1ed7i giao d\u1ecbch \u0111\u1ec1u \u0111\u01b0\u1ee3c x\u00e1c nh\u1eadn k\u1ef9 c\u00e0ng v\u00e0 ch\u1ec9 chuy\u1ec3n kho\u1ea3n \u0111\u1ebfn duy nh\u1ea5t 1 t\u00e0i kho\u1ea3n c\u1ee7a ng\u01b0\u1eddi ch\u01a1i \u0111\u00e3 \u0111\u0103ng k\u00fd.<\/span><\/p>\n\t\t<\/div>\n\t<\/div>\n\t\n\t<div id=\"accordion-3967354149\" class=\"accordion-item\">\n\t\t<a id=\"accordion-3967354149-label\" class=\"accordion-title plain\" href=\"#accordion-item-d\u1ecbch-v\u1ee5-cskh-2tg88-ho\u1ea1t-\u0111\u1ed9ng-trong-th\u1eddi-gian-n\u00e0o?\" aria-expanded=\"false\" aria-controls=\"accordion-3967354149-content\" >\n\t\t\t<button class=\"toggle\" aria-label=\"Chuy\u1ec3n \u0111\u1ed5i\"><i class=\"icon-angle-down\"><\/i><\/button>\n\t\t\t<span>D\u1ecbch v\u1ee5 CSKH 2tg88 ho\u1ea1t \u0111\u1ed9ng trong th\u1eddi gian n\u00e0o?<\/span>\n\t\t<\/a>\n\t\t<div id=\"accordion-3967354149-content\" class=\"accordion-inner\" aria-labelledby=\"accordion-3967354149-label\" >\n\t\t\t\n<p><span style=\"color: #3366ff;\">CSKH 2 tg88.bet ho\u1ea1t \u0111\u1ed9ng li\u00ean t\u1ee5c 24\/24 trong 365 ng\u00e0y ph\u1ee5c v\u1ee5 gi\u1ea3i \u0111\u00e1p nhanh ch\u00f3ng m\u1ecdi nhu c\u1ea7u th\u1eafc m\u1eafc c\u1ee7a ng\u01b0\u1eddi ch\u01a1i. \u0110\u1ea3m b\u1ea3o ng\u01b0\u1eddi ch\u01a1i c\u00f3 nh\u1eefng tr\u1ea3i nghi\u1ec7m t\u1ed1t nh\u1ea5t v\u1edbi d\u1ecbch v\u1ee5 ch\u0103m s\u00f3c chu \u0111\u00e1o nhi\u1ec7t t\u00ecnh v\u00e0 chuy\u00ean nghi\u1ec7p.<\/span><\/p>\n\t\t<\/div>\n\t<\/div>\n\t\n\t<div id=\"accordion-3113970394\" class=\"accordion-item\">\n\t\t<a id=\"accordion-3113970394-label\" class=\"accordion-title plain\" href=\"#accordion-item-trang-c\u00e1-c\u01b0\u1ee3c-2tg88-vip-c\u00f3-uy-t\u00edn-kh\u00f4ng?\" aria-expanded=\"false\" aria-controls=\"accordion-3113970394-content\" >\n\t\t\t<button class=\"toggle\" aria-label=\"Chuy\u1ec3n \u0111\u1ed5i\"><i class=\"icon-angle-down\"><\/i><\/button>\n\t\t\t<span>Trang c\u00e1 c\u01b0\u1ee3c 2tg88 vip c\u00f3 uy t\u00edn kh\u00f4ng?<\/span>\n\t\t<\/a>\n\t\t<div id=\"accordion-3113970394-content\" class=\"accordion-inner\" aria-labelledby=\"accordion-3113970394-label\" >\n\t\t\t\n<p><span style=\"color: #3366ff;\">TG88.COM c\u00f4ng ty tr\u00f2 ch\u01a1i uy t\u00edn top 1 \u0111\u01b0\u1ee3c \u0111\u0103ng k\u00fd h\u1ee3p ph\u00e1p b\u1edfi MGA (Malta Ch\u00e2u \u00c2u), PAGCOR (Philippines), Qu\u1ea7n \u0111\u1ea3o Virgin V\u01b0\u01a1ng qu\u1ed1c Anh (BVI) &amp; GAMBLING COMMISSION. T\u1ea5t c\u1ea3 c\u00e1c ho\u1ea1t \u0111\u1ed9ng kinh doanh c\u1edd b\u1ea1c \u0111\u1ec1u tu\u00e2n theo hi\u1ec7p \u01b0\u1edbc c\u1edd b\u1ea1c \u0111\u1ea3o b\u1ea3o t\u00ednh minh b\u1ea1ch v\u00e0 quy\u1ec1n l\u1ee3i cho ng\u01b0\u1eddi ch\u01a1i<\/span><\/p>\n\t\t<\/div>\n\t<\/div>\n\t\n<\/div>\n<p>&nbsp;<\/p>\n","protected":false},"excerpt":{"rendered":"<p>TRANG CH\u1ee6 \u0110\u0102NG NH\u1eacP NH\u00c0 C\u00c1I TG88 Link trang t\u1ed5ng v\u00e0o 2tg88 com ch\u00ednh th\u1ee9c c\u1eadp nh\u1eadt ng\u00e0y h\u00f4m nay m\u1edbi nh\u1ea5t: Disclaimer (Tuy\u00ean b\u1ed1 mi\u1ec5n tr\u1eeb): Website 2tg88.net \u0111\u00f3ng vai tr\u00f2 nh\u01b0 ngu\u1ed3n t\u1ed5ng h\u1ee3p d\u1eef li\u1ec7u cho ng\u01b0\u1eddi tr\u01b0\u1edfng th\u00e0nh \u1edf ngo\u00e0i Vi\u1ec7t Nam v\u00e0 kh\u00f4ng th\u1ef1c hi\u1ec7n qu\u1ea3n l\u00fd hay \u0111\u1ecbnh h\u01b0\u1edbng&#8230;<\/p>\n","protected":false},"author":1,"featured_media":0,"parent":0,"menu_order":0,"comment_status":"closed","ping_status":"open","template":"page-right-sidebar.php","meta":{"footnotes":""},"class_list":["post-2","page","type-page","status-publish","hentry"],"_links":{"self":[{"href":"https:\/\/2tg88.net\/index.php?rest_route=\/wp\/v2\/pages\/2","targetHints":{"allow":["GET"]}}],"collection":[{"href":"https:\/\/2tg88.net\/index.php?rest_route=\/wp\/v2\/pages"}],"about":[{"href":"https:\/\/2tg88.net\/index.php?rest_route=\/wp\/v2\/types\/page"}],"author":[{"embeddable":true,"href":"https:\/\/2tg88.net\/index.php?rest_route=\/wp\/v2\/users\/1"}],"replies":[{"embeddable":true,"href":"https:\/\/2tg88.net\/index.php?rest_route=%2Fwp%2Fv2%2Fcomments&post=2"}],"version-history":[{"count":54,"href":"https:\/\/2tg88.net\/index.php?rest_route=\/wp\/v2\/pages\/2\/revisions"}],"predecessor-version":[{"id":634,"href":"https:\/\/2tg88.net\/index.php?rest_route=\/wp\/v2\/pages\/2\/revisions\/634"}],"wp:attachment":[{"href":"https:\/\/2tg88.net\/index.php?rest_route=%2Fwp%2Fv2%2Fmedia&parent=2"}],"curies":[{"name":"wp","href":"https:\/\/api.w.org\/{rel}","templated":true}]}}